{"id":5611,"date":"2022-12-30T14:28:41","date_gmt":"2022-12-30T07:28:41","guid":{"rendered":"https:\/\/sdivn.com\/solution\/"},"modified":"2023-06-19T21:54:39","modified_gmt":"2023-06-19T14:54:39","slug":"solution","status":"publish","type":"page","link":"https:\/\/sdivn.com\/en\/solution\/","title":{"rendered":"Solution"},"content":{"rendered":"\t\t<div data-elementor-type=\"wp-page\" data-elementor-id=\"5611\" class=\"elementor elementor-5611 elementor-71\" data-elementor-post-type=\"page\">\n\t\t\t\t\t\t<section class=\"elementor-section elementor-top-section elementor-element elementor-element-1d5a161 elementor-section-height-min-height section-bg-top elementor-section-boxed elementor-section-height-default elementor-section-items-middle\" data-id=\"1d5a161\" data-element_type=\"section\" data-settings=\"{&quot;background_background&quot;:&quot;classic&quot;}\">\n\t\t\t\t\t\t\t<div class=\"elementor-background-overlay\"><\/div>\n\t\t\t\t\t\t\t<div class=\"elementor-container elementor-column-gap-default\">\n\t\t\t\t\t<div class=\"elementor-column elementor-col-100 elementor-top-column elementor-element elementor-element-2f13366\" data-id=\"2f13366\" data-element_type=\"column\">\n\t\t\t<div class=\"elementor-widget-wrap elementor-element-populated\">\n\t\t\t\t\t\t\t<\/div>\n\t\t<\/div>\n\t\t\t\t\t<\/div>\n\t\t<\/section>\n\t\t\t\t<section class=\"elementor-section elementor-top-section elementor-element elementor-element-0c77c42 elementor-section-boxed elementor-section-height-default elementor-section-height-default\" data-id=\"0c77c42\" data-element_type=\"section\">\n\t\t\t\t\t\t<div class=\"elementor-container elementor-column-gap-default\">\n\t\t\t\t\t<div class=\"elementor-column elementor-col-100 elementor-top-column elementor-element elementor-element-1d6103e\" data-id=\"1d6103e\" data-element_type=\"column\">\n\t\t\t<div class=\"elementor-widget-wrap elementor-element-populated\">\n\t\t\t\t\t\t<section class=\"elementor-section elementor-inner-section elementor-element elementor-element-ffd52ad elementor-section-boxed elementor-section-height-default elementor-section-height-default\" data-id=\"ffd52ad\" data-element_type=\"section\">\n\t\t\t\t\t\t<div class=\"elementor-container elementor-column-gap-default\">\n\t\t\t\t\t<div class=\"elementor-column elementor-col-25 elementor-inner-column elementor-element elementor-element-eaa21c7 elementor-invisible\" data-id=\"eaa21c7\" data-element_type=\"column\" data-settings=\"{&quot;background_background&quot;:&quot;classic&quot;,&quot;animation&quot;:&quot;fadeInUp&quot;,&quot;animation_delay&quot;:300}\">\n\t\t\t<div class=\"elementor-widget-wrap elementor-element-populated\">\n\t\t\t\t\t\t<div class=\"elementor-element elementor-element-675612e box-content-solution elementor-position-top elementor-widget elementor-widget-image-box\" data-id=\"675612e\" data-element_type=\"widget\" data-widget_type=\"image-box.default\">\n\t\t\t\t<div class=\"elementor-widget-container\">\n\t\t\t<style>\/*! elementor - v3.21.0 - 30-04-2024 *\/\n.elementor-widget-image-box .elementor-image-box-content{width:100%}@media (min-width:768px){.elementor-widget-image-box.elementor-position-left .elementor-image-box-wrapper,.elementor-widget-image-box.elementor-position-right .elementor-image-box-wrapper{display:flex}.elementor-widget-image-box.elementor-position-right .elementor-image-box-wrapper{text-align:end;flex-direction:row-reverse}.elementor-widget-image-box.elementor-position-left .elementor-image-box-wrapper{text-align:start;flex-direction:row}.elementor-widget-image-box.elementor-position-top .elementor-image-box-img{margin:auto}.elementor-widget-image-box.elementor-vertical-align-top .elementor-image-box-wrapper{align-items:flex-start}.elementor-widget-image-box.elementor-vertical-align-middle .elementor-image-box-wrapper{align-items:center}.elementor-widget-image-box.elementor-vertical-align-bottom .elementor-image-box-wrapper{align-items:flex-end}}@media (max-width:767px){.elementor-widget-image-box .elementor-image-box-img{margin-left:auto!important;margin-right:auto!important;margin-bottom:15px}}.elementor-widget-image-box .elementor-image-box-img{display:inline-block}.elementor-widget-image-box .elementor-image-box-title a{color:inherit}.elementor-widget-image-box .elementor-image-box-wrapper{text-align:center}.elementor-widget-image-box .elementor-image-box-description{margin:0}<\/style><div class=\"elementor-image-box-wrapper\"><figure class=\"elementor-image-box-img\"><img decoding=\"async\" width=\"64\" height=\"64\" src=\"https:\/\/sdivn.com\/wp-content\/uploads\/2023\/01\/solution-1.png\" class=\"attachment-full size-full wp-image-849\" alt=\"\" \/><\/figure><div class=\"elementor-image-box-content\"><h3 class=\"elementor-image-box-title\">Kh\u00f4ng gian l\u00e0m vi\u1ec7c doanh nghi\u1ec7p<\/h3><p class=\"elementor-image-box-description\">T\u1ed1i \u01b0u h\u00f3a tr\u1ea3i nghi\u1ec7m m\u00f4i tr\u01b0\u1eddng l\u00e0m vi\u1ec7c c\u1ee7a doanh nghi\u1ec7p v\u1edbi 2 n\u1ec1n t\u1ea3ng \u1ee9ng d\u1ee5ng n\u1ed5i b\u1eadt l\u00e0 Google Workspace v\u00e0 Microsoft 365<\/p><\/div><\/div>\t\t<\/div>\n\t\t\t\t<\/div>\n\t\t\t\t<div class=\"elementor-element elementor-element-1c480ac elementor-align-left elementor-widget elementor-widget-button\" data-id=\"1c480ac\" data-element_type=\"widget\" data-widget_type=\"button.default\">\n\t\t\t\t<div class=\"elementor-widget-container\">\n\t\t\t\t\t<div class=\"elementor-button-wrapper\">\n\t\t\t<a class=\"elementor-button elementor-button-link elementor-size-sm\" href=\"https:\/\/sdivn.com\/khong-gian-lam-viec-doanh-nghiep\/\">\n\t\t\t\t\t\t<span class=\"elementor-button-content-wrapper\">\n\t\t\t\t\t\t<span class=\"elementor-button-icon elementor-align-icon-right\">\n\t\t\t\t<i aria-hidden=\"true\" class=\"fas fa-arrow-right\"><\/i>\t\t\t<\/span>\n\t\t\t\t\t\t\t\t\t<span class=\"elementor-button-text\">T\u00ecm hi\u1ec3u th\u00eam<\/span>\n\t\t\t\t\t<\/span>\n\t\t\t\t\t<\/a>\n\t\t<\/div>\n\t\t\t\t<\/div>\n\t\t\t\t<\/div>\n\t\t\t\t\t<\/div>\n\t\t<\/div>\n\t\t\t\t<div class=\"elementor-column elementor-col-25 elementor-inner-column elementor-element elementor-element-7a1cc63 elementor-invisible\" data-id=\"7a1cc63\" data-element_type=\"column\" data-settings=\"{&quot;background_background&quot;:&quot;classic&quot;,&quot;animation&quot;:&quot;fadeInUp&quot;,&quot;animation_delay&quot;:500}\">\n\t\t\t<div class=\"elementor-widget-wrap elementor-element-populated\">\n\t\t\t\t\t\t<div class=\"elementor-element elementor-element-cb034a9 box-content-solution elementor-position-top elementor-widget elementor-widget-image-box\" data-id=\"cb034a9\" data-element_type=\"widget\" data-widget_type=\"image-box.default\">\n\t\t\t\t<div class=\"elementor-widget-container\">\n\t\t\t<div class=\"elementor-image-box-wrapper\"><figure class=\"elementor-image-box-img\"><img decoding=\"async\" width=\"64\" height=\"64\" src=\"https:\/\/sdivn.com\/wp-content\/uploads\/2023\/01\/solution-2.png\" class=\"attachment-full size-full wp-image-853\" alt=\"\" \/><\/figure><div class=\"elementor-image-box-content\"><h3 class=\"elementor-image-box-title\">Gi\u1ea3i ph\u00e1p d\u1eef li\u1ec7u<\/h3><p class=\"elementor-image-box-description\">T\u00edch h\u1ee3p to\u00e0n di\u1ec7n c\u00e1c gi\u1ea3i ph\u00e1p sao l\u01b0u v\u00e0 b\u1ea3o m\u1eadt d\u1eef li\u1ec7u doanh nghi\u1ec7p<\/p><\/div><\/div>\t\t<\/div>\n\t\t\t\t<\/div>\n\t\t\t\t<div class=\"elementor-element elementor-element-1668fa1 elementor-align-left elementor-widget elementor-widget-button\" data-id=\"1668fa1\" data-element_type=\"widget\" data-widget_type=\"button.default\">\n\t\t\t\t<div class=\"elementor-widget-container\">\n\t\t\t\t\t<div class=\"elementor-button-wrapper\">\n\t\t\t<a class=\"elementor-button elementor-button-link elementor-size-sm\" href=\"https:\/\/sdivn.com\/giai-phap-du-lieu\/\">\n\t\t\t\t\t\t<span class=\"elementor-button-content-wrapper\">\n\t\t\t\t\t\t<span class=\"elementor-button-icon elementor-align-icon-right\">\n\t\t\t\t<i aria-hidden=\"true\" class=\"fas fa-arrow-right\"><\/i>\t\t\t<\/span>\n\t\t\t\t\t\t\t\t\t<span class=\"elementor-button-text\">T\u00ecm hi\u1ec3u th\u00eam<\/span>\n\t\t\t\t\t<\/span>\n\t\t\t\t\t<\/a>\n\t\t<\/div>\n\t\t\t\t<\/div>\n\t\t\t\t<\/div>\n\t\t\t\t\t<\/div>\n\t\t<\/div>\n\t\t\t\t<div class=\"elementor-column elementor-col-25 elementor-inner-column elementor-element elementor-element-2467058 elementor-invisible\" data-id=\"2467058\" data-element_type=\"column\" data-settings=\"{&quot;background_background&quot;:&quot;classic&quot;,&quot;animation&quot;:&quot;fadeInUp&quot;,&quot;animation_delay&quot;:700}\">\n\t\t\t<div class=\"elementor-widget-wrap elementor-element-populated\">\n\t\t\t\t\t\t<div class=\"elementor-element elementor-element-f8d21be box-content-solution elementor-position-top elementor-widget elementor-widget-image-box\" data-id=\"f8d21be\" data-element_type=\"widget\" data-widget_type=\"image-box.default\">\n\t\t\t\t<div class=\"elementor-widget-container\">\n\t\t\t<div class=\"elementor-image-box-wrapper\"><figure class=\"elementor-image-box-img\"><img decoding=\"async\" width=\"64\" height=\"64\" src=\"https:\/\/sdivn.com\/wp-content\/uploads\/2023\/01\/solution-3.png\" class=\"attachment-full size-full wp-image-852\" alt=\"\" \/><\/figure><div class=\"elementor-image-box-content\"><h3 class=\"elementor-image-box-title\">Gi\u00e1m s\u00e1t h\u1ea1 t\u1ea7ng th\u00f4ng tin<\/h3><p class=\"elementor-image-box-description\">Gi\u00fap duy tr\u00ec \u1ed5n \u0111\u1ecbnh v\u00e0 s\u1eb5n s\u00e0ng cho h\u1ec7 th\u1ed1ng m\u1ea1ng nh\u1eb1m ph\u1ee5c v\u1ee5 nhu c\u1ea7u ho\u1ea1t \u0111\u1ed9ng li\u00ean t\u1ee5c c\u1ee7a doanh nghi\u1ec7p<\/p><\/div><\/div>\t\t<\/div>\n\t\t\t\t<\/div>\n\t\t\t\t<div class=\"elementor-element elementor-element-3ba2c12 elementor-align-left elementor-widget elementor-widget-button\" data-id=\"3ba2c12\" data-element_type=\"widget\" data-widget_type=\"button.default\">\n\t\t\t\t<div class=\"elementor-widget-container\">\n\t\t\t\t\t<div class=\"elementor-button-wrapper\">\n\t\t\t<a class=\"elementor-button elementor-button-link elementor-size-sm\" href=\"https:\/\/sdivn.com\/giam-sat-ha-tang-thong-tin\/\">\n\t\t\t\t\t\t<span class=\"elementor-button-content-wrapper\">\n\t\t\t\t\t\t<span class=\"elementor-button-icon elementor-align-icon-right\">\n\t\t\t\t<i aria-hidden=\"true\" class=\"fas fa-arrow-right\"><\/i>\t\t\t<\/span>\n\t\t\t\t\t\t\t\t\t<span class=\"elementor-button-text\">T\u00ecm hi\u1ec3u th\u00eam<\/span>\n\t\t\t\t\t<\/span>\n\t\t\t\t\t<\/a>\n\t\t<\/div>\n\t\t\t\t<\/div>\n\t\t\t\t<\/div>\n\t\t\t\t\t<\/div>\n\t\t<\/div>\n\t\t\t\t<div class=\"elementor-column elementor-col-25 elementor-inner-column elementor-element elementor-element-97f51a1 elementor-invisible\" data-id=\"97f51a1\" data-element_type=\"column\" data-settings=\"{&quot;background_background&quot;:&quot;classic&quot;,&quot;animation&quot;:&quot;fadeInUp&quot;,&quot;animation_delay&quot;:900}\">\n\t\t\t<div class=\"elementor-widget-wrap elementor-element-populated\">\n\t\t\t\t\t\t<div class=\"elementor-element elementor-element-e5c5f7f box-content-solution elementor-position-top elementor-widget elementor-widget-image-box\" data-id=\"e5c5f7f\" data-element_type=\"widget\" data-widget_type=\"image-box.default\">\n\t\t\t\t<div class=\"elementor-widget-container\">\n\t\t\t<div class=\"elementor-image-box-wrapper\"><figure class=\"elementor-image-box-img\"><img loading=\"lazy\" decoding=\"async\" width=\"474\" height=\"474\" src=\"https:\/\/sdivn.com\/wp-content\/uploads\/2023\/02\/AV.png\" class=\"attachment-full size-full wp-image-3877\" alt=\"\" srcset=\"https:\/\/sdivn.com\/wp-content\/uploads\/2023\/02\/AV.png 474w, https:\/\/sdivn.com\/wp-content\/uploads\/2023\/02\/AV-300x300.png 300w, https:\/\/sdivn.com\/wp-content\/uploads\/2023\/02\/AV-150x150.png 150w\" sizes=\"(max-width: 474px) 100vw, 474px\" \/><\/figure><div class=\"elementor-image-box-content\"><h3 class=\"elementor-image-box-title\">T\u00edch h\u1ee3p \u00e2m thanh, tr\u00ecnh chi\u1ebfu (AV)<\/h3><p class=\"elementor-image-box-description\">C\u00f4ng ngh\u1ec7 AV gi\u00fap doanh nghi\u1ec7p t\u0103ng t\u00ednh t\u01b0\u01a1ng t\u00e1c hi\u1ec7u qu\u1ea3 v\u00e0 qu\u1ea3ng b\u00e1 th\u01b0\u01a1ng hi\u1ec7u<\/p><\/div><\/div>\t\t<\/div>\n\t\t\t\t<\/div>\n\t\t\t\t<div class=\"elementor-element elementor-element-7ee37f5 elementor-align-left elementor-widget elementor-widget-button\" data-id=\"7ee37f5\" data-element_type=\"widget\" data-widget_type=\"button.default\">\n\t\t\t\t<div class=\"elementor-widget-container\">\n\t\t\t\t\t<div class=\"elementor-button-wrapper\">\n\t\t\t<a class=\"elementor-button elementor-button-link elementor-size-sm\" href=\"https:\/\/sdivn.com\/tich-hop-am-thanh-trinh-chieu-av\/\">\n\t\t\t\t\t\t<span class=\"elementor-button-content-wrapper\">\n\t\t\t\t\t\t<span class=\"elementor-button-icon elementor-align-icon-right\">\n\t\t\t\t<i aria-hidden=\"true\" class=\"fas fa-arrow-right\"><\/i>\t\t\t<\/span>\n\t\t\t\t\t\t\t\t\t<span class=\"elementor-button-text\">T\u00ecm hi\u1ec3u th\u00eam<\/span>\n\t\t\t\t\t<\/span>\n\t\t\t\t\t<\/a>\n\t\t<\/div>\n\t\t\t\t<\/div>\n\t\t\t\t<\/div>\n\t\t\t\t\t<\/div>\n\t\t<\/div>\n\t\t\t\t\t<\/div>\n\t\t<\/section>\n\t\t\t\t\t<\/div>\n\t\t<\/div>\n\t\t\t\t\t<\/div>\n\t\t<\/section>\n\t\t\t\t<\/div>\n\t\t","protected":false},"excerpt":{"rendered":"<p>Kh\u00f4ng gian l\u00e0m vi\u1ec7c doanh nghi\u1ec7p T\u1ed1i \u01b0u h\u00f3a tr\u1ea3i nghi\u1ec7m m\u00f4i tr\u01b0\u1eddng l\u00e0m vi\u1ec7c c\u1ee7a doanh nghi\u1ec7p v\u1edbi 2 n\u1ec1n t\u1ea3ng \u1ee9ng d\u1ee5ng n\u1ed5i b\u1eadt l\u00e0 Google Workspace v\u00e0 Microsoft 365 T\u00ecm hi\u1ec3u th\u00eam Gi\u1ea3i ph\u00e1p d\u1eef li\u1ec7u T\u00edch h\u1ee3p to\u00e0n di\u1ec7n c\u00e1c gi\u1ea3i ph\u00e1p sao l\u01b0u v\u00e0 b\u1ea3o m\u1eadt d\u1eef li\u1ec7u doanh nghi\u1ec7p [&hellip;]<\/p>\n","protected":false},"author":1,"featured_media":5153,"parent":0,"menu_order":0,"comment_status":"closed","ping_status":"closed","template":"elementor_header_footer","meta":{"site-sidebar-layout":"no-sidebar","site-content-layout":"page-builder","ast-site-content-layout":"","site-content-style":"default","site-sidebar-style":"default","ast-global-header-display":"","ast-banner-title-visibility":"","ast-main-header-display":"","ast-hfb-above-header-display":"","ast-hfb-below-header-display":"","ast-hfb-mobile-header-display":"","site-post-title":"disabled","ast-breadcrumbs-content":"","ast-featured-img":"disabled","footer-sml-layout":"","theme-transparent-header-meta":"default","adv-header-id-meta":"","stick-header-meta":"default","header-above-stick-meta":"","header-main-stick-meta":"","header-below-stick-meta":"","astra-migrate-meta-layouts":"default","ast-page-background-enabled":"default","ast-page-background-meta":{"desktop":{"background-color":"var(--ast-global-color-4)","background-image":"","background-repeat":"repeat","background-position":"center center","background-size":"auto","background-attachment":"scroll","background-type":"","background-media":"","overlay-type":"","overlay-color":"","overlay-gradient":""},"tablet":{"background-color":"","background-image":"","background-repeat":"repeat","background-position":"center center","background-size":"auto","background-attachment":"scroll","background-type":"","background-media":"","overlay-type":"","overlay-color":"","overlay-gradient":""},"mobile":{"background-color":"","background-image":"","background-repeat":"repeat","background-position":"center center","background-size":"auto","background-attachment":"scroll","background-type":"","background-media":"","overlay-type":"","overlay-color":"","overlay-gradient":""}},"ast-content-background-meta":{"desktop":{"background-color":"var(--ast-global-color-5)","background-image":"","background-repeat":"repeat","background-position":"center center","background-size":"auto","background-attachment":"scroll","background-type":"","background-media":"","overlay-type":"","overlay-color":"","overlay-gradient":""},"tablet":{"background-color":"var(--ast-global-color-5)","background-image":"","background-repeat":"repeat","background-position":"center center","background-size":"auto","background-attachment":"scroll","background-type":"","background-media":"","overlay-type":"","overlay-color":"","overlay-gradient":""},"mobile":{"background-color":"var(--ast-global-color-5)","background-image":"","background-repeat":"repeat","background-position":"center center","background-size":"auto","background-attachment":"scroll","background-type":"","background-media":"","overlay-type":"","overlay-color":"","overlay-gradient":""}},"footnotes":""},"class_list":["post-5611","page","type-page","status-publish","has-post-thumbnail","hentry"],"_links":{"self":[{"href":"https:\/\/sdivn.com\/en\/wp-json\/wp\/v2\/pages\/5611","targetHints":{"allow":["GET"]}}],"collection":[{"href":"https:\/\/sdivn.com\/en\/wp-json\/wp\/v2\/pages"}],"about":[{"href":"https:\/\/sdivn.com\/en\/wp-json\/wp\/v2\/types\/page"}],"author":[{"embeddable":true,"href":"https:\/\/sdivn.com\/en\/wp-json\/wp\/v2\/users\/1"}],"replies":[{"embeddable":true,"href":"https:\/\/sdivn.com\/en\/wp-json\/wp\/v2\/comments?post=5611"}],"version-history":[{"count":1,"href":"https:\/\/sdivn.com\/en\/wp-json\/wp\/v2\/pages\/5611\/revisions"}],"predecessor-version":[{"id":5612,"href":"https:\/\/sdivn.com\/en\/wp-json\/wp\/v2\/pages\/5611\/revisions\/5612"}],"wp:featuredmedia":[{"embeddable":true,"href":"https:\/\/sdivn.com\/en\/wp-json\/wp\/v2\/media\/5153"}],"wp:attachment":[{"href":"https:\/\/sdivn.com\/en\/wp-json\/wp\/v2\/media?parent=5611"}],"curies":[{"name":"wp","href":"https:\/\/api.w.org\/{rel}","templated":true}]}}